{"id":597,"date":"2026-03-21T11:23:01","date_gmt":"2026-03-21T10:23:01","guid":{"rendered":"https:\/\/bloomcookies.fr\/?post_type=product&#038;p=597"},"modified":"2026-03-21T11:33:18","modified_gmt":"2026-03-21T10:33:18","slug":"les-marques-places-nominatifs","status":"publish","type":"product","link":"https:\/\/bloomcookies.fr\/index.php\/produit\/les-marques-places-nominatifs\/","title":{"rendered":"Les marques places nominatifs"},"content":{"rendered":"<p>D&rsquo;adorables lapins aux oreilles tombantes qui peuvent \u00eatre personnalis\u00e9s avec le pr\u00e9nom de votre choix. <\/p>\n<p>Biscuit artisanal \u00e0 la vanille fraiche de Madagascar d\u00e9cor\u00e9 \u00e0 la main au glacage royal <\/p>\n<p>Retrait \u00e0 la boutique de Cambrai uniquement, le vendredi 03 ou le samedi 04 avril. <\/p>\n","protected":false},"excerpt":{"rendered":"<p>Ces adorables lapins peuvent servir comme marque place, ou simplement comme petite attention personnalis\u00e9e<\/p>\n","protected":false},"featured_media":588,"comment_status":"open","ping_status":"closed","template":"","meta":{"_et_pb_use_builder":"","_et_pb_old_content":"","_et_gb_content_width":""},"product_brand":[],"product_cat":[25],"product_tag":[],"class_list":{"0":"post-597","1":"product","2":"type-product","3":"status-publish","4":"has-post-thumbnail","6":"product_cat-non-classe","8":"first","9":"instock","10":"shipping-taxable","11":"purchasable","12":"product-type-simple"},"yoast_head":"<!-- This site is optimized with the Yoast SEO plugin v27.3 - https:\/\/yoast.com\/product\/yoast-seo-wordpress\/ -->\n<title>Les marques places nominatifs - Bloom Cookies<\/title>\n<meta name=\"robots\" content=\"index, follow, max-snippet:-1, max-image-preview:large, max-video-preview:-1\" \/>\n<link rel=\"canonical\" href=\"https:\/\/bloomcookies.fr\/index.php\/produit\/les-marques-places-nominatifs\/\" \/>\n<meta property=\"og:locale\" content=\"fr_FR\" \/>\n<meta property=\"og:type\" content=\"article\" \/>\n<meta property=\"og:title\" content=\"Les marques places nominatifs - Bloom Cookies\" \/>\n<meta property=\"og:description\" content=\"Ces adorables lapins peuvent servir comme marque place, ou simplement comme petite attention personnalis\u00e9e\" \/>\n<meta property=\"og:url\" content=\"https:\/\/bloomcookies.fr\/index.php\/produit\/les-marques-places-nominatifs\/\" \/>\n<meta property=\"og:site_name\" content=\"Bloom Cookies\" \/>\n<meta property=\"article:modified_time\" content=\"2026-03-21T10:33:18+00:00\" \/>\n<meta name=\"twitter:card\" content=\"summary_large_image\" \/>\n<script type=\"application\/ld+json\" class=\"yoast-schema-graph\">{\"@context\":\"https:\\\/\\\/schema.org\",\"@graph\":[{\"@type\":\"WebPage\",\"@id\":\"https:\\\/\\\/bloomcookies.fr\\\/index.php\\\/produit\\\/les-marques-places-nominatifs\\\/\",\"url\":\"https:\\\/\\\/bloomcookies.fr\\\/index.php\\\/produit\\\/les-marques-places-nominatifs\\\/\",\"name\":\"Les marques places nominatifs - Bloom Cookies\",\"isPartOf\":{\"@id\":\"https:\\\/\\\/bloomcookies.fr\\\/#website\"},\"primaryImageOfPage\":{\"@id\":\"https:\\\/\\\/bloomcookies.fr\\\/index.php\\\/produit\\\/les-marques-places-nominatifs\\\/#primaryimage\"},\"image\":{\"@id\":\"https:\\\/\\\/bloomcookies.fr\\\/index.php\\\/produit\\\/les-marques-places-nominatifs\\\/#primaryimage\"},\"thumbnailUrl\":\"https:\\\/\\\/bloomcookies.fr\\\/wp-content\\\/uploads\\\/2026\\\/03\\\/IMG_5944-Modifie.jpg\",\"datePublished\":\"2026-03-21T10:23:01+00:00\",\"dateModified\":\"2026-03-21T10:33:18+00:00\",\"breadcrumb\":{\"@id\":\"https:\\\/\\\/bloomcookies.fr\\\/index.php\\\/produit\\\/les-marques-places-nominatifs\\\/#breadcrumb\"},\"inLanguage\":\"fr-FR\",\"potentialAction\":[{\"@type\":\"ReadAction\",\"target\":[\"https:\\\/\\\/bloomcookies.fr\\\/index.php\\\/produit\\\/les-marques-places-nominatifs\\\/\"]}]},{\"@type\":\"ImageObject\",\"inLanguage\":\"fr-FR\",\"@id\":\"https:\\\/\\\/bloomcookies.fr\\\/index.php\\\/produit\\\/les-marques-places-nominatifs\\\/#primaryimage\",\"url\":\"https:\\\/\\\/bloomcookies.fr\\\/wp-content\\\/uploads\\\/2026\\\/03\\\/IMG_5944-Modifie.jpg\",\"contentUrl\":\"https:\\\/\\\/bloomcookies.fr\\\/wp-content\\\/uploads\\\/2026\\\/03\\\/IMG_5944-Modifie.jpg\",\"width\":783,\"height\":1059},{\"@type\":\"BreadcrumbList\",\"@id\":\"https:\\\/\\\/bloomcookies.fr\\\/index.php\\\/produit\\\/les-marques-places-nominatifs\\\/#breadcrumb\",\"itemListElement\":[{\"@type\":\"ListItem\",\"position\":1,\"name\":\"Accueil\",\"item\":\"https:\\\/\\\/bloomcookies.fr\\\/\"},{\"@type\":\"ListItem\",\"position\":2,\"name\":\"Ventes saisonni\u00e8res\",\"item\":\"https:\\\/\\\/bloomcookies.fr\\\/index.php\\\/boutique\\\/\"},{\"@type\":\"ListItem\",\"position\":3,\"name\":\"Les marques places nominatifs\"}]},{\"@type\":\"WebSite\",\"@id\":\"https:\\\/\\\/bloomcookies.fr\\\/#website\",\"url\":\"https:\\\/\\\/bloomcookies.fr\\\/\",\"name\":\"Bloom Cookies\",\"description\":\"La petite biscuiterie Cambr\u00e9sienne\",\"potentialAction\":[{\"@type\":\"SearchAction\",\"target\":{\"@type\":\"EntryPoint\",\"urlTemplate\":\"https:\\\/\\\/bloomcookies.fr\\\/?s={search_term_string}\"},\"query-input\":{\"@type\":\"PropertyValueSpecification\",\"valueRequired\":true,\"valueName\":\"search_term_string\"}}],\"inLanguage\":\"fr-FR\"}]}<\/script>\n<!-- \/ Yoast SEO plugin. -->","yoast_head_json":{"title":"Les marques places nominatifs - Bloom Cookies","robots":{"index":"index","follow":"follow","max-snippet":"max-snippet:-1","max-image-preview":"max-image-preview:large","max-video-preview":"max-video-preview:-1"},"canonical":"https:\/\/bloomcookies.fr\/index.php\/produit\/les-marques-places-nominatifs\/","og_locale":"fr_FR","og_type":"article","og_title":"Les marques places nominatifs - Bloom Cookies","og_description":"Ces adorables lapins peuvent servir comme marque place, ou simplement comme petite attention personnalis\u00e9e","og_url":"https:\/\/bloomcookies.fr\/index.php\/produit\/les-marques-places-nominatifs\/","og_site_name":"Bloom Cookies","article_modified_time":"2026-03-21T10:33:18+00:00","twitter_card":"summary_large_image","schema":{"@context":"https:\/\/schema.org","@graph":[{"@type":"WebPage","@id":"https:\/\/bloomcookies.fr\/index.php\/produit\/les-marques-places-nominatifs\/","url":"https:\/\/bloomcookies.fr\/index.php\/produit\/les-marques-places-nominatifs\/","name":"Les marques places nominatifs - Bloom Cookies","isPartOf":{"@id":"https:\/\/bloomcookies.fr\/#website"},"primaryImageOfPage":{"@id":"https:\/\/bloomcookies.fr\/index.php\/produit\/les-marques-places-nominatifs\/#primaryimage"},"image":{"@id":"https:\/\/bloomcookies.fr\/index.php\/produit\/les-marques-places-nominatifs\/#primaryimage"},"thumbnailUrl":"https:\/\/bloomcookies.fr\/wp-content\/uploads\/2026\/03\/IMG_5944-Modifie.jpg","datePublished":"2026-03-21T10:23:01+00:00","dateModified":"2026-03-21T10:33:18+00:00","breadcrumb":{"@id":"https:\/\/bloomcookies.fr\/index.php\/produit\/les-marques-places-nominatifs\/#breadcrumb"},"inLanguage":"fr-FR","potentialAction":[{"@type":"ReadAction","target":["https:\/\/bloomcookies.fr\/index.php\/produit\/les-marques-places-nominatifs\/"]}]},{"@type":"ImageObject","inLanguage":"fr-FR","@id":"https:\/\/bloomcookies.fr\/index.php\/produit\/les-marques-places-nominatifs\/#primaryimage","url":"https:\/\/bloomcookies.fr\/wp-content\/uploads\/2026\/03\/IMG_5944-Modifie.jpg","contentUrl":"https:\/\/bloomcookies.fr\/wp-content\/uploads\/2026\/03\/IMG_5944-Modifie.jpg","width":783,"height":1059},{"@type":"BreadcrumbList","@id":"https:\/\/bloomcookies.fr\/index.php\/produit\/les-marques-places-nominatifs\/#breadcrumb","itemListElement":[{"@type":"ListItem","position":1,"name":"Accueil","item":"https:\/\/bloomcookies.fr\/"},{"@type":"ListItem","position":2,"name":"Ventes saisonni\u00e8res","item":"https:\/\/bloomcookies.fr\/index.php\/boutique\/"},{"@type":"ListItem","position":3,"name":"Les marques places nominatifs"}]},{"@type":"WebSite","@id":"https:\/\/bloomcookies.fr\/#website","url":"https:\/\/bloomcookies.fr\/","name":"Bloom Cookies","description":"La petite biscuiterie Cambr\u00e9sienne","potentialAction":[{"@type":"SearchAction","target":{"@type":"EntryPoint","urlTemplate":"https:\/\/bloomcookies.fr\/?s={search_term_string}"},"query-input":{"@type":"PropertyValueSpecification","valueRequired":true,"valueName":"search_term_string"}}],"inLanguage":"fr-FR"}]}},"_links":{"self":[{"href":"https:\/\/bloomcookies.fr\/index.php\/wp-json\/wp\/v2\/product\/597","targetHints":{"allow":["GET"]}}],"collection":[{"href":"https:\/\/bloomcookies.fr\/index.php\/wp-json\/wp\/v2\/product"}],"about":[{"href":"https:\/\/bloomcookies.fr\/index.php\/wp-json\/wp\/v2\/types\/product"}],"replies":[{"embeddable":true,"href":"https:\/\/bloomcookies.fr\/index.php\/wp-json\/wp\/v2\/comments?post=597"}],"wp:featuredmedia":[{"embeddable":true,"href":"https:\/\/bloomcookies.fr\/index.php\/wp-json\/wp\/v2\/media\/588"}],"wp:attachment":[{"href":"https:\/\/bloomcookies.fr\/index.php\/wp-json\/wp\/v2\/media?parent=597"}],"wp:term":[{"taxonomy":"product_brand","embeddable":true,"href":"https:\/\/bloomcookies.fr\/index.php\/wp-json\/wp\/v2\/product_brand?post=597"},{"taxonomy":"product_cat","embeddable":true,"href":"https:\/\/bloomcookies.fr\/index.php\/wp-json\/wp\/v2\/product_cat?post=597"},{"taxonomy":"product_tag","embeddable":true,"href":"https:\/\/bloomcookies.fr\/index.php\/wp-json\/wp\/v2\/product_tag?post=597"}],"curies":[{"name":"wp","href":"https:\/\/api.w.org\/{rel}","templated":true}]}}