{"id":2,"date":"2024-01-02T23:37:06","date_gmt":"2024-01-02T22:37:06","guid":{"rendered":"https:\/\/bloomcookies.fr\/?page_id=2"},"modified":"2026-02-17T17:38:08","modified_gmt":"2026-02-17T16:38:08","slug":"accueil","status":"publish","type":"page","link":"https:\/\/bloomcookies.fr\/","title":{"rendered":"Accueil"},"content":{"rendered":"<p>[et_pb_section fb_built=\u00a0\u00bb1&Prime; custom_padding_last_edited=\u00a0\u00bbon|desktop\u00a0\u00bb _builder_version=\u00a0\u00bb4.27.5&Prime; _module_preset=\u00a0\u00bbdefault\u00a0\u00bb background_color=\u00a0\u00bb#f4ebee\u00a0\u00bb background_enable_image=\u00a0\u00bboff\u00a0\u00bb background_size=\u00a0\u00bbcontain\u00a0\u00bb background_position=\u00a0\u00bbtop_left\u00a0\u00bb background_horizontal_offset=\u00a0\u00bb5%\u00a0\u00bb custom_margin_tablet=\u00a0\u00bb\u00a0\u00bb custom_margin_phone=\u00a0\u00bb\u00a0\u00bb custom_margin_last_edited=\u00a0\u00bbon|phone\u00a0\u00bb custom_padding=\u00a0\u00bb8px||2px||false|false\u00a0\u00bb custom_padding_tablet=\u00a0\u00bb150px||2px||false|false\u00a0\u00bb custom_padding_phone=\u00a0\u00bb0px||2px||false|false\u00a0\u00bb global_colors_info=\u00a0\u00bb{}\u00a0\u00bb][et_pb_row column_structure=\u00a0\u00bb1_2,1_2&Prime; _builder_version=\u00a0\u00bb4.27.4&Prime; _module_preset=\u00a0\u00bbdefault\u00a0\u00bb global_colors_info=\u00a0\u00bb{}\u00a0\u00bb][et_pb_column type=\u00a0\u00bb1_2&Prime; _builder_version=\u00a0\u00bb4.27.4&Prime; _module_preset=\u00a0\u00bbdefault\u00a0\u00bb global_colors_info=\u00a0\u00bb{}\u00a0\u00bb][et_pb_image src=\u00a0\u00bbhttps:\/\/bloomcookies.fr\/wp-content\/uploads\/2026\/02\/jfdhgfjfg.png\u00a0\u00bb title_text=\u00a0\u00bbjfdhgfjfg\u00a0\u00bb align=\u00a0\u00bbright\u00a0\u00bb align_tablet=\u00a0\u00bbright\u00a0\u00bb align_phone=\u00a0\u00bbcenter\u00a0\u00bb align_last_edited=\u00a0\u00bbon|phone\u00a0\u00bb _builder_version=\u00a0\u00bb4.27.5&Prime; _module_preset=\u00a0\u00bbdefault\u00a0\u00bb width=\u00a0\u00bb70%\u00a0\u00bb custom_padding=\u00a0\u00bb|||0px||\u00a0\u00bb hover_enabled=\u00a0\u00bb0&Prime; global_colors_info=\u00a0\u00bb{}\u00a0\u00bb sticky_enabled=\u00a0\u00bb0&Prime;][\/et_pb_image][\/et_pb_column][et_pb_column type=\u00a0\u00bb1_2&Prime; _builder_version=\u00a0\u00bb4.27.4&Prime; _module_preset=\u00a0\u00bbdefault\u00a0\u00bb global_colors_info=\u00a0\u00bb{}\u00a0\u00bb][et_pb_image src=\u00a0\u00bbhttps:\/\/bloomcookies.fr\/wp-content\/uploads\/2026\/01\/LPBC-scaled.png\u00a0\u00bb title_text=\u00a0\u00bbLPBC\u00a0\u00bb align=\u00a0\u00bbcenter\u00a0\u00bb _builder_version=\u00a0\u00bb4.27.5&Prime; _module_preset=\u00a0\u00bbdefault\u00a0\u00bb module_alignment=\u00a0\u00bbcenter\u00a0\u00bb custom_margin=\u00a0\u00bb||1px|||\u00a0\u00bb global_colors_info=\u00a0\u00bb{}\u00a0\u00bb][\/et_pb_image][et_pb_text _builder_version=\u00a0\u00bb4.27.5&Prime; _module_preset=\u00a0\u00bbdefault\u00a0\u00bb text_font=\u00a0\u00bb&#8211;et_global_body_font|500|||||||\u00a0\u00bb text_font_size=\u00a0\u00bb16px\u00a0\u00bb text_line_height=\u00a0\u00bb1.4em\u00a0\u00bb global_colors_info=\u00a0\u00bb{}\u00a0\u00bb]<\/p>\n<p data-start=\"933\" data-end=\"1138\">Chez <strong data-start=\"938\" data-end=\"955\">Bloom Cookies<\/strong>, chaque biscuit raconte une histoire.<br \/><br data-start=\"993\" data-end=\"996\" \/>La mienne commence par une passion pour la p\u00e2tisserie, une envie profonde de faire plaisir, et une r\u00e9v\u00e9lation lors d\u2019un voyage aux \u00c9tats-Unis. \u00a0<span>J\u2019ai rapport\u00e9e la recette de ces cookies dans mes valises, puis je l\u2019ai retravaill\u00e9e avec soin pour vous proposer des biscuits aussi beaux que bons.<\/span><\/p>\n<p data-start=\"1140\" data-end=\"1335\">Depuis, je cr\u00e9e pour vous des biscuits d\u00e9cor\u00e9s \u00e0 la vanille fra\u00eeche, gourmands et d\u00e9licats, pens\u00e9s pour sublimer vos moments pr\u00e9cieux.<\/p>\n<p><span>Parce qu\u2019un simple cookie peut faire fleurir un sourire, confiez vos moments pr\u00e9cieux \u00e0 la r\u00e9f\u00e9rence du biscuit d\u00e9cor\u00e9 dans le Cambr\u00e9sis et ses alentours.<\/span><\/p>\n<p>[\/et_pb_text][\/et_pb_column][\/et_pb_row][\/et_pb_section][et_pb_section fb_built=\u00a0\u00bb1&Prime; admin_label=\u00a0\u00bbServices\u00a0\u00bb _builder_version=\u00a0\u00bb4.27.5&Prime; _module_preset=\u00a0\u00bbdefault\u00a0\u00bb background_color=\u00a0\u00bbgcid-33ba488a-a977-4fcb-9562-ca062f22498f\u00a0\u00bb background_image=\u00a0\u00bbhttps:\/\/bloomcookies.fr\/wp-content\/uploads\/2024\/01\/spa-background-07@2x.png\u00a0\u00bb background_position=\u00a0\u00bbcenter_left\u00a0\u00bb min_height=\u00a0\u00bb676px\u00a0\u00bb custom_margin=\u00a0\u00bb11px||11px||true|\u00a0\u00bb custom_margin_tablet=\u00a0\u00bb11px||11px||true|\u00a0\u00bb custom_margin_phone=\u00a0\u00bb-4px||-4px||true|false\u00a0\u00bb custom_margin_last_edited=\u00a0\u00bbon|phone\u00a0\u00bb custom_padding=\u00a0\u00bb0px||40px|||\u00a0\u00bb top_divider_color=\u00a0\u00bb#f6dde5&Prime; bottom_divider_color=\u00a0\u00bb#c0c195&Prime; bottom_divider_flip=\u00a0\u00bbhorizontal\u00a0\u00bb collapsed=\u00a0\u00bbon\u00a0\u00bb global_colors_info=\u00a0\u00bb{%22gcid-33ba488a-a977-4fcb-9562-ca062f22498f%22:%91%22background_color%22%93}\u00a0\u00bb][et_pb_row column_structure=\u00a0\u00bb1_3,2_3&Prime; _builder_version=\u00a0\u00bb4.27.5&Prime; _module_preset=\u00a0\u00bbdefault\u00a0\u00bb custom_padding=\u00a0\u00bb0px|||||\u00a0\u00bb global_colors_info=\u00a0\u00bb{}\u00a0\u00bb][et_pb_column type=\u00a0\u00bb1_3&Prime; _builder_version=\u00a0\u00bb4.27.5&Prime; _module_preset=\u00a0\u00bbdefault\u00a0\u00bb global_colors_info=\u00a0\u00bb{}\u00a0\u00bb][et_pb_image src=\u00a0\u00bbhttps:\/\/bloomcookies.fr\/wp-content\/uploads\/2026\/01\/vg-scaled.png\u00a0\u00bb title_text=\u00a0\u00bbvg\u00a0\u00bb align=\u00a0\u00bbcenter\u00a0\u00bb _builder_version=\u00a0\u00bb4.27.5&Prime; _module_preset=\u00a0\u00bbdefault\u00a0\u00bb transform_scale=\u00a0\u00bb118%|118%\u00a0\u00bb custom_padding=\u00a0\u00bb16px|||||\u00a0\u00bb border_radii=\u00a0\u00bbon|80px|80px|80px|80px\u00a0\u00bb global_colors_info=\u00a0\u00bb{}\u00a0\u00bb][\/et_pb_image][\/et_pb_column][et_pb_column type=\u00a0\u00bb2_3&Prime; _builder_version=\u00a0\u00bb4.27.5&Prime; _module_preset=\u00a0\u00bbdefault\u00a0\u00bb global_colors_info=\u00a0\u00bb{}\u00a0\u00bb][et_pb_text _builder_version=\u00a0\u00bb4.27.5&Prime; _module_preset=\u00a0\u00bbdefault\u00a0\u00bb header_3_font=\u00a0\u00bbAmaranth||||||||\u00a0\u00bb header_3_font_size=\u00a0\u00bb18px\u00a0\u00bb background_color=\u00a0\u00bb#f7f7f7&Prime; custom_padding=\u00a0\u00bb10px|18px|10px|18px|false|false\u00a0\u00bb border_radii=\u00a0\u00bbon|26px|26px|26px|26px\u00a0\u00bb box_shadow_style=\u00a0\u00bbpreset1&Prime; global_colors_info=\u00a0\u00bb{}\u00a0\u00bb]<\/p>\n<h3 data-start=\"226\" data-end=\"244\"><strong data-start=\"230\" data-end=\"244\">\u27bb 100 % vous<\/strong><\/h3>\n<p data-start=\"245\" data-end=\"428\">Chaque biscuit est enti\u00e8rement personnalisable afin de s\u2019int\u00e9grer parfaitement \u00e0 l\u2019esprit de votre \u00e9v\u00e9nement. Formes, couleurs, messages : tout est pens\u00e9 pour raconter votre histoire.<\/p>\n<h3 data-start=\"430\" data-end=\"449\"><strong data-start=\"434\" data-end=\"449\">\u27bb 100 % frais<\/strong><\/h3>\n<p data-start=\"450\" data-end=\"643\">Des ingr\u00e9dients soigneusement s\u00e9lectionn\u00e9s et une fabrication \u00e0 la commande. Vos biscuits sont pr\u00e9par\u00e9s sp\u00e9cialement pour vous, afin de garantir une fra\u00eecheur optimale le jour J\u2026 et bien apr\u00e8s.<\/p>\n<h3 data-start=\"645\" data-end=\"668\">\u27bb 100<strong data-start=\"649\" data-end=\"668\"> % gourmands<\/strong><\/h3>\n<p data-start=\"669\" data-end=\"905\">Une recette unique qui surprend par sa gourmandise. Loin du sabl\u00e9 sec, chaque fourn\u00e9e est sublim\u00e9e par de v\u00e9ritables gousses de vanille fra\u00eeche de Madagascar, sourc\u00e9es en direct producteur, reconnaissables \u00e0 leurs d\u00e9licats grains noirs.<\/p>\n<h3 data-start=\"907\" data-end=\"931\"><strong data-start=\"911\" data-end=\"931\">\u27bb 0 % p\u00e2te \u00e0 sucre<\/strong><\/h3>\n<p data-start=\"932\" data-end=\"1105\">Chaque biscuit est d\u00e9cor\u00e9 \u00e0 la main au gla\u00e7age royal, avec patience et minutie. Aucun recours \u00e0 la p\u00e2te \u00e0 sucre : uniquement un d\u00e9cor fin, \u00e9l\u00e9gant et enti\u00e8rement comestible.<\/p>\n<p>[\/et_pb_text][\/et_pb_column][\/et_pb_row][et_pb_row _builder_version=\u00a0\u00bb4.27.4&Prime; _module_preset=\u00a0\u00bbdefault\u00a0\u00bb global_colors_info=\u00a0\u00bb{}\u00a0\u00bb][et_pb_column type=\u00a0\u00bb4_4&Prime; _builder_version=\u00a0\u00bb4.27.4&Prime; _module_preset=\u00a0\u00bbdefault\u00a0\u00bb global_colors_info=\u00a0\u00bb{}\u00a0\u00bb][et_pb_testimonial _builder_version=\u00a0\u00bb4.27.5&Prime; _module_preset=\u00a0\u00bbdefault\u00a0\u00bb body_font=\u00a0\u00bb&#8211;et_global_body_font||||||||\u00a0\u00bb body_font_size=\u00a0\u00bb23px\u00a0\u00bb global_colors_info=\u00a0\u00bb{}\u00a0\u00bb]<\/p>\n<p style=\"text-align: center;\">En bref, chez <em>Bloom Cookies<\/em>, vos biscuits sont \u00a0:<br \/><span><strong>Uniques par nature<\/strong>, <strong>inimitables par passion<\/strong>, cr\u00e9er \u00e0 votre image et faits avec le c\u0153ur.<\/span><\/p>\n<p>[\/et_pb_testimonial][\/et_pb_column][\/et_pb_row][\/et_pb_section]<\/p>\n","protected":false},"excerpt":{"rendered":"<p>Chez Bloom Cookies, chaque biscuit raconte une histoire.La mienne commence par une passion pour la p\u00e2tisserie, une envie profonde de faire plaisir, et une r\u00e9v\u00e9lation lors d\u2019un voyage aux \u00c9tats-Unis. \u00a0J\u2019ai rapport\u00e9e la recette de ces cookies dans mes valises, puis je l\u2019ai retravaill\u00e9e avec soin pour vous proposer des biscuits aussi beaux que bons. [&hellip;]<\/p>\n","protected":false},"author":1,"featured_media":0,"parent":0,"menu_order":0,"comment_status":"closed","ping_status":"closed","template":"","meta":{"_et_pb_use_builder":"on","_et_pb_old_content":"<!-- wp:paragraph -->\n<p>Ceci est une page d\u2019exemple. C\u2019est diff\u00e9rent d\u2019un article de blog parce qu\u2019elle restera au m\u00eame endroit et appara\u00eetra dans la navigation de votre site (dans la plupart des th\u00e8mes). La plupart des gens commencent par une page \u00ab\u00a0\u00c0 propos\u00a0\u00bb qui les pr\u00e9sente aux personnes visitant le site. Cela pourrait ressembler \u00e0 quelque chose comme cela\u00a0:<\/p>\n<!-- \/wp:paragraph -->\n\n<!-- wp:quote -->\n<blockquote class=\"wp-block-quote\"><p>Bonjour\u00a0! Je suis un m\u00e9canicien qui aspire \u00e0 devenir acteur, et voici mon site. J\u2019habite \u00e0 Bordeaux, j\u2019ai un super chien baptis\u00e9 Russell, et j\u2019aime la vodka (ainsi qu\u2019\u00eatre surpris par la pluie soudaine lors de longues balades sur la plage au coucher du soleil).<\/p><\/blockquote>\n<!-- \/wp:quote -->\n\n<!-- wp:paragraph -->\n<p>\u2026ou quelque chose comme cela\u00a0:<\/p>\n<!-- \/wp:paragraph -->\n\n<!-- wp:quote -->\n<blockquote class=\"wp-block-quote\"><p>La soci\u00e9t\u00e9 123 Machin Truc a \u00e9t\u00e9 cr\u00e9\u00e9e en 1971, et n\u2019a cess\u00e9 de proposer au public des machins-trucs de qualit\u00e9 depuis lors. Situ\u00e9e \u00e0 Saint-Remy-en-Bouzemont-Saint-Genest-et-Isson, 123 Machin Truc emploie 2 000 personnes, et fabrique toutes sortes de bidules supers pour la communaut\u00e9 bouzemontoise.<\/p><\/blockquote>\n<!-- \/wp:quote -->\n\n<!-- wp:paragraph -->\n<p>En tant que nouvel utilisateur ou utilisatrice de WordPress, vous devriez vous rendre sur <a href=\"https:\/\/bloomcookies.fr\/wp-admin\/\">votre tableau de bord<\/a> pour supprimer cette page et cr\u00e9er de nouvelles pages pour votre contenu. Amusez-vous bien\u00a0!<\/p>\n<!-- \/wp:paragraph -->","_et_gb_content_width":"","footnotes":""},"class_list":["post-2","page","type-page","status-publish","hentry"],"yoast_head":"<!-- This site is optimized with the Yoast SEO plugin v27.3 - https:\/\/yoast.com\/product\/yoast-seo-wordpress\/ -->\n<title>Accueil - Bloom Cookies<\/title>\n<meta name=\"robots\" content=\"index, follow, max-snippet:-1, max-image-preview:large, max-video-preview:-1\" \/>\n<link rel=\"canonical\" href=\"https:\/\/bloomcookies.fr\/\" \/>\n<meta property=\"og:locale\" content=\"fr_FR\" \/>\n<meta property=\"og:type\" content=\"article\" \/>\n<meta property=\"og:title\" content=\"Accueil - Bloom Cookies\" \/>\n<meta property=\"og:description\" content=\"Chez Bloom Cookies, chaque biscuit raconte une histoire.La mienne commence par une passion pour la p\u00e2tisserie, une envie profonde de faire plaisir, et une r\u00e9v\u00e9lation lors d\u2019un voyage aux \u00c9tats-Unis. \u00a0J\u2019ai rapport\u00e9e la recette de ces cookies dans mes valises, puis je l\u2019ai retravaill\u00e9e avec soin pour vous proposer des biscuits aussi beaux que bons. [&hellip;]\" \/>\n<meta property=\"og:url\" content=\"https:\/\/bloomcookies.fr\/\" \/>\n<meta property=\"og:site_name\" content=\"Bloom Cookies\" \/>\n<meta property=\"article:modified_time\" content=\"2026-02-17T16:38:08+00:00\" \/>\n<meta name=\"twitter:card\" content=\"summary_large_image\" \/>\n<meta name=\"twitter:label1\" content=\"Dur\u00e9e de lecture estim\u00e9e\" \/>\n\t<meta name=\"twitter:data1\" content=\"4 minutes\" \/>\n<script type=\"application\/ld+json\" class=\"yoast-schema-graph\">{\"@context\":\"https:\\\/\\\/schema.org\",\"@graph\":[{\"@type\":\"WebPage\",\"@id\":\"https:\\\/\\\/bloomcookies.fr\\\/\",\"url\":\"https:\\\/\\\/bloomcookies.fr\\\/\",\"name\":\"Accueil - Bloom Cookies\",\"isPartOf\":{\"@id\":\"https:\\\/\\\/bloomcookies.fr\\\/#website\"},\"datePublished\":\"2024-01-02T22:37:06+00:00\",\"dateModified\":\"2026-02-17T16:38:08+00:00\",\"breadcrumb\":{\"@id\":\"https:\\\/\\\/bloomcookies.fr\\\/#breadcrumb\"},\"inLanguage\":\"fr-FR\",\"potentialAction\":[{\"@type\":\"ReadAction\",\"target\":[\"https:\\\/\\\/bloomcookies.fr\\\/\"]}]},{\"@type\":\"BreadcrumbList\",\"@id\":\"https:\\\/\\\/bloomcookies.fr\\\/#breadcrumb\",\"itemListElement\":[{\"@type\":\"ListItem\",\"position\":1,\"name\":\"Accueil\",\"item\":\"https:\\\/\\\/bloomcookies.fr\\\/\"},{\"@type\":\"ListItem\",\"position\":2,\"name\":\"Accueil\"}]},{\"@type\":\"WebSite\",\"@id\":\"https:\\\/\\\/bloomcookies.fr\\\/#website\",\"url\":\"https:\\\/\\\/bloomcookies.fr\\\/\",\"name\":\"Bloom Cookies\",\"description\":\"La petite biscuiterie Cambr\u00e9sienne\",\"potentialAction\":[{\"@type\":\"SearchAction\",\"target\":{\"@type\":\"EntryPoint\",\"urlTemplate\":\"https:\\\/\\\/bloomcookies.fr\\\/?s={search_term_string}\"},\"query-input\":{\"@type\":\"PropertyValueSpecification\",\"valueRequired\":true,\"valueName\":\"search_term_string\"}}],\"inLanguage\":\"fr-FR\"}]}<\/script>\n<!-- \/ Yoast SEO plugin. -->","yoast_head_json":{"title":"Accueil - Bloom Cookies","robots":{"index":"index","follow":"follow","max-snippet":"max-snippet:-1","max-image-preview":"max-image-preview:large","max-video-preview":"max-video-preview:-1"},"canonical":"https:\/\/bloomcookies.fr\/","og_locale":"fr_FR","og_type":"article","og_title":"Accueil - Bloom Cookies","og_description":"Chez Bloom Cookies, chaque biscuit raconte une histoire.La mienne commence par une passion pour la p\u00e2tisserie, une envie profonde de faire plaisir, et une r\u00e9v\u00e9lation lors d\u2019un voyage aux \u00c9tats-Unis. \u00a0J\u2019ai rapport\u00e9e la recette de ces cookies dans mes valises, puis je l\u2019ai retravaill\u00e9e avec soin pour vous proposer des biscuits aussi beaux que bons. [&hellip;]","og_url":"https:\/\/bloomcookies.fr\/","og_site_name":"Bloom Cookies","article_modified_time":"2026-02-17T16:38:08+00:00","twitter_card":"summary_large_image","twitter_misc":{"Dur\u00e9e de lecture estim\u00e9e":"4 minutes"},"schema":{"@context":"https:\/\/schema.org","@graph":[{"@type":"WebPage","@id":"https:\/\/bloomcookies.fr\/","url":"https:\/\/bloomcookies.fr\/","name":"Accueil - Bloom Cookies","isPartOf":{"@id":"https:\/\/bloomcookies.fr\/#website"},"datePublished":"2024-01-02T22:37:06+00:00","dateModified":"2026-02-17T16:38:08+00:00","breadcrumb":{"@id":"https:\/\/bloomcookies.fr\/#breadcrumb"},"inLanguage":"fr-FR","potentialAction":[{"@type":"ReadAction","target":["https:\/\/bloomcookies.fr\/"]}]},{"@type":"BreadcrumbList","@id":"https:\/\/bloomcookies.fr\/#breadcrumb","itemListElement":[{"@type":"ListItem","position":1,"name":"Accueil","item":"https:\/\/bloomcookies.fr\/"},{"@type":"ListItem","position":2,"name":"Accueil"}]},{"@type":"WebSite","@id":"https:\/\/bloomcookies.fr\/#website","url":"https:\/\/bloomcookies.fr\/","name":"Bloom Cookies","description":"La petite biscuiterie Cambr\u00e9sienne","potentialAction":[{"@type":"SearchAction","target":{"@type":"EntryPoint","urlTemplate":"https:\/\/bloomcookies.fr\/?s={search_term_string}"},"query-input":{"@type":"PropertyValueSpecification","valueRequired":true,"valueName":"search_term_string"}}],"inLanguage":"fr-FR"}]}},"_links":{"self":[{"href":"https:\/\/bloomcookies.fr\/index.php\/wp-json\/wp\/v2\/pages\/2","targetHints":{"allow":["GET"]}}],"collection":[{"href":"https:\/\/bloomcookies.fr\/index.php\/wp-json\/wp\/v2\/pages"}],"about":[{"href":"https:\/\/bloomcookies.fr\/index.php\/wp-json\/wp\/v2\/types\/page"}],"author":[{"embeddable":true,"href":"https:\/\/bloomcookies.fr\/index.php\/wp-json\/wp\/v2\/users\/1"}],"replies":[{"embeddable":true,"href":"https:\/\/bloomcookies.fr\/index.php\/wp-json\/wp\/v2\/comments?post=2"}],"version-history":[{"count":54,"href":"https:\/\/bloomcookies.fr\/index.php\/wp-json\/wp\/v2\/pages\/2\/revisions"}],"predecessor-version":[{"id":559,"href":"https:\/\/bloomcookies.fr\/index.php\/wp-json\/wp\/v2\/pages\/2\/revisions\/559"}],"wp:attachment":[{"href":"https:\/\/bloomcookies.fr\/index.php\/wp-json\/wp\/v2\/media?parent=2"}],"curies":[{"name":"wp","href":"https:\/\/api.w.org\/{rel}","templated":true}]}}