{"id":115,"date":"2024-01-26T22:16:45","date_gmt":"2024-01-26T21:16:45","guid":{"rendered":"https:\/\/bloomcookies.fr\/?page_id=115"},"modified":"2026-03-02T16:28:23","modified_gmt":"2026-03-02T15:28:23","slug":"formulaire-de-contact","status":"publish","type":"page","link":"https:\/\/bloomcookies.fr\/index.php\/accueil\/formulaire-de-contact\/","title":{"rendered":"Contact"},"content":{"rendered":"<p>[et_pb_section fb_built=\u00a0\u00bb1&Prime; admin_label=\u00a0\u00bbTestimonials\u00a0\u00bb _builder_version=\u00a0\u00bb4.27.5&Prime; _module_preset=\u00a0\u00bbdefault\u00a0\u00bb background_enable_color=\u00a0\u00bboff\u00a0\u00bb background_enable_image=\u00a0\u00bboff\u00a0\u00bb background_enable_mask_style=\u00a0\u00bbon\u00a0\u00bb background_mask_style=\u00a0\u00bbbean\u00a0\u00bb background_mask_color=\u00a0\u00bb#f4ebee\u00a0\u00bb custom_padding=\u00a0\u00bb||0px||false|false\u00a0\u00bb border_width_all=\u00a0\u00bb1px\u00a0\u00bb border_color_all=\u00a0\u00bbrgba(58,65,38,0.13)\u00a0\u00bb locked=\u00a0\u00bboff\u00a0\u00bb collapsed=\u00a0\u00bbon\u00a0\u00bb global_colors_info=\u00a0\u00bb{%22gcid-fc7afca1-7302-4e55-829d-3d445387c282%22:%91%22background_color%22%93}\u00a0\u00bb][et_pb_row _builder_version=\u00a0\u00bb4.24.0&Prime; _module_preset=\u00a0\u00bbdefault\u00a0\u00bb custom_margin=\u00a0\u00bb-1px|auto||auto||\u00a0\u00bb global_colors_info=\u00a0\u00bb{}\u00a0\u00bb][et_pb_column type=\u00a0\u00bb4_4&Prime; _builder_version=\u00a0\u00bb4.24.0&Prime; _module_preset=\u00a0\u00bbdefault\u00a0\u00bb global_colors_info=\u00a0\u00bb{}\u00a0\u00bb][et_pb_menu menu_style=\u00a0\u00bbinline_centered_logo\u00a0\u00bb active_link_color=\u00a0\u00bb#949162&Prime; dropdown_menu_bg_color=\u00a0\u00bb#949162&Prime; _builder_version=\u00a0\u00bb4.27.5&Prime; _module_preset=\u00a0\u00bbdefault\u00a0\u00bb menu_font=\u00a0\u00bbAbril Fatface||||||||\u00a0\u00bb menu_font_size=\u00a0\u00bb20px\u00a0\u00bb custom_margin=\u00a0\u00bb||8px|||\u00a0\u00bb global_colors_info=\u00a0\u00bb{}\u00a0\u00bb][\/et_pb_menu][\/et_pb_column][\/et_pb_row][et_pb_row use_custom_gutter=\u00a0\u00bbon\u00a0\u00bb gutter_width=\u00a0\u00bb1&Prime; make_equal=\u00a0\u00bbon\u00a0\u00bb _builder_version=\u00a0\u00bb4.27.5&Prime; _module_preset=\u00a0\u00bbdefault\u00a0\u00bb background_color=\u00a0\u00bb#f4ebee\u00a0\u00bb background_enable_image=\u00a0\u00bboff\u00a0\u00bb custom_padding=\u00a0\u00bb0px||0px|||\u00a0\u00bb global_colors_info=\u00a0\u00bb{}\u00a0\u00bb][et_pb_column type=\u00a0\u00bb4_4&Prime; _builder_version=\u00a0\u00bb4.24.0&Prime; _module_preset=\u00a0\u00bbdefault\u00a0\u00bb background_color=\u00a0\u00bb#FFFFFF\u00a0\u00bb background_enable_image=\u00a0\u00bboff\u00a0\u00bb background_size=\u00a0\u00bbcontain\u00a0\u00bb background_position=\u00a0\u00bbtop_right\u00a0\u00bb custom_padding=\u00a0\u00bb8vw|6vw|8vw|6vw|true|true\u00a0\u00bb custom_padding_tablet=\u00a0\u00bb||||false|false\u00a0\u00bb custom_padding_phone=\u00a0\u00bb||||false|false\u00a0\u00bb custom_padding_last_edited=\u00a0\u00bboff|desktop\u00a0\u00bb global_colors_info=\u00a0\u00bb{%22gcid-33ba488a-a977-4fcb-9562-ca062f22498f%22:%91%22background_color%22,%22background_color%22,%22background_color%22%93}\u00a0\u00bb][et_pb_text _builder_version=\u00a0\u00bb4.27.6&Prime; _module_preset=\u00a0\u00bbdefault\u00a0\u00bb text_font_size=\u00a0\u00bb20px\u00a0\u00bb text_line_height=\u00a0\u00bb1.1em\u00a0\u00bb link_font=\u00a0\u00bb|700|||||||\u00a0\u00bb link_text_align=\u00a0\u00bbcenter\u00a0\u00bb link_text_color=\u00a0\u00bb#a7636a\u00a0\u00bb custom_margin=\u00a0\u00bb-65px|40px|-3px|40px|false|false\u00a0\u00bb custom_padding=\u00a0\u00bb||11px|||\u00a0\u00bb hover_enabled=\u00a0\u00bb0&Prime; text_font_size_tablet=\u00a0\u00bb20px\u00a0\u00bb text_font_size_phone=\u00a0\u00bb18px\u00a0\u00bb text_font_size_last_edited=\u00a0\u00bbon|phone\u00a0\u00bb global_colors_info=\u00a0\u00bb{}\u00a0\u00bb text_font=\u00a0\u00bb&#8211;et_global_body_font||||||||\u00a0\u00bb sticky_enabled=\u00a0\u00bb0&Prime;]<\/p>\n<p style=\"text-align: left;\"><span>Chaque commande est enti\u00e8rement personnalis\u00e9e et pens\u00e9e rien que pour vous. C\u2019est pourquoi elle fait l\u2019objet d\u2019un devis sur mesure, unique, \u00e0 l\u2019image de votre projet.<\/span><br data-start=\"316\" data-end=\"319\" \/><span>Le tarif de base est de 4 \u20ac par biscuit pour un design simple. Il \u00e9volue ensuite en fonction de la complexit\u00e9 du d\u00e9cor, du style, des couleurs, des \u00e9critures et des d\u00e9tails souhait\u00e9s. Chaque cr\u00e9ation est ainsi pr\u00e9cis\u00e9ment \u00e9tudi\u00e9e selon vos envies.<\/span><\/p>\n<p>Un envoie par Colissimo est tout \u00e0 fait possible. \u00a0<\/p>\n<p>[\/et_pb_text][et_pb_text _builder_version=\u00a0\u00bb4.27.5&Prime; _module_preset=\u00a0\u00bb7ae988c0-24d4-4391-a4bf-8164d25aa827&Prime; header_font=\u00a0\u00bbAbril Fatface|600|||||||\u00a0\u00bb header_text_color=\u00a0\u00bbgcid-3c3581c1-f373-4686-aa51-f9f01c8ffd79&Prime; header_font_size=\u00a0\u00bb28px\u00a0\u00bb header_3_font=\u00a0\u00bb|600|||||||\u00a0\u00bb header_3_text_color=\u00a0\u00bb#a7636a\u00a0\u00bb custom_margin=\u00a0\u00bb-14px||10px||false|false\u00a0\u00bb custom_padding=\u00a0\u00bb20px||2px|||\u00a0\u00bb header_text_shadow_style=\u00a0\u00bbpreset3&Prime; header_text_shadow_color=\u00a0\u00bb#f6dde5&Prime; global_colors_info=\u00a0\u00bb{%22gcid-3c3581c1-f373-4686-aa51-f9f01c8ffd79%22:%91%22header_text_color%22%93}\u00a0\u00bb]<\/p>\n<h1 style=\"text-align: center;\">N&rsquo;h\u00e9sitez plus, partagez avec moi vos id\u00e9es gourmandes.<\/h1>\n<p>[\/et_pb_text][wpforms_selector form_id=\u00a0\u00bb101&Prime; _builder_version=\u00a0\u00bb4.24.0&Prime; _module_preset=\u00a0\u00bbdefault\u00a0\u00bb custom_padding=\u00a0\u00bb1px|||||\u00a0\u00bb global_colors_info=\u00a0\u00bb{}\u00a0\u00bb][\/wpforms_selector][et_pb_text _builder_version=\u00a0\u00bb4.27.5&Prime; _module_preset=\u00a0\u00bbdefault\u00a0\u00bb text_font_size=\u00a0\u00bb28px\u00a0\u00bb text_line_height=\u00a0\u00bb1.9em\u00a0\u00bb link_font=\u00a0\u00bb&#8211;et_global_body_font|700|||||||\u00a0\u00bb link_text_align=\u00a0\u00bbcenter\u00a0\u00bb link_text_color=\u00a0\u00bb#cf8892&Prime; header_text_color=\u00a0\u00bb#a7636a\u00a0\u00bb header_3_font=\u00a0\u00bbAbril Fatface|700|||||||\u00a0\u00bb header_3_text_color=\u00a0\u00bb#cf8892&Prime; custom_margin=\u00a0\u00bb||-5px|||\u00a0\u00bb custom_padding=\u00a0\u00bb||13px|||\u00a0\u00bb global_colors_info=\u00a0\u00bb{}\u00a0\u00bb]<\/p>\n<h3 style=\"text-align: center;\">Vous pouvez \u00e9galement m&rsquo;envoyer vos demandes en me contactant sur :<\/h3>\n<p style=\"text-align: center;\"><a href=\"https:\/\/www.facebook.com\/profile.php?id=61554167720858\">Messenger (FB)<\/a> &#8211; <a href=\"https:\/\/www.instagram.com\/bloom_cookies\/\">Instagram<\/a><a href=\"https:\/\/l.facebook.com\/l.php?u=https%3A%2F%2Fapi.whatsapp.com%2Fsend%3Fphone%3D%252B33750526422%26app%3Dfacebook%26entry_point%3Dpage_cta%26fbclid%3DIwAR3zklCSQ5usFtxf5_bBWM0bmJqmPnf6_ZLasjyBSPrgDDmNUA6dfIv3usU&amp;h=AT2_vq54fv5LjwRHq3peP3TgWRoRzDGaW6mQ-1fccLgWWjDzerfHYMWEx1IGOWWKSj5i8blBnTpKeWuBe9Mn80YBu1n2eleO4Jk1y2bVDi9ZDJ0fGcf4Ws2QwYo0b364s1YUYHGfrZTviih_NbCJ2xzcXF4\">\u00a0<\/a><\/p>\n<p>[\/et_pb_text][et_pb_image src=\u00a0\u00bbhttps:\/\/bloomcookies.fr\/wp-content\/uploads\/2024\/02\/11-copie-2.png\u00a0\u00bb title_text=\u00a0\u00bb11 copie 2&Prime; align=\u00a0\u00bbcenter\u00a0\u00bb admin_label=\u00a0\u00bbImage\u00a0\u00bb _builder_version=\u00a0\u00bb4.24.0&Prime; _module_preset=\u00a0\u00bbdefault\u00a0\u00bb custom_padding=\u00a0\u00bb1px|||||\u00a0\u00bb global_colors_info=\u00a0\u00bb{}\u00a0\u00bb][\/et_pb_image][\/et_pb_column][\/et_pb_row][\/et_pb_section]<\/p>\n","protected":false},"excerpt":{"rendered":"<p>Chaque commande est enti\u00e8rement personnalis\u00e9e et pens\u00e9e rien que pour vous. C\u2019est pourquoi elle fait l\u2019objet d\u2019un devis sur mesure, unique, \u00e0 l\u2019image de votre projet.Le tarif de base est de 4 \u20ac par biscuit pour un design simple. Il \u00e9volue ensuite en fonction de la complexit\u00e9 du d\u00e9cor, du style, des couleurs, des \u00e9critures [&hellip;]<\/p>\n","protected":false},"author":1,"featured_media":0,"parent":2,"menu_order":0,"comment_status":"closed","ping_status":"closed","template":"page-template-blank.php","meta":{"_et_pb_use_builder":"on","_et_pb_old_content":"","_et_gb_content_width":"","footnotes":""},"class_list":["post-115","page","type-page","status-publish","hentry"],"yoast_head":"<!-- This site is optimized with the Yoast SEO plugin v27.3 - https:\/\/yoast.com\/product\/yoast-seo-wordpress\/ -->\n<title>Contact - Bloom Cookies<\/title>\n<meta name=\"robots\" content=\"index, follow, max-snippet:-1, max-image-preview:large, max-video-preview:-1\" \/>\n<link rel=\"canonical\" href=\"https:\/\/bloomcookies.fr\/index.php\/accueil\/formulaire-de-contact\/\" \/>\n<meta property=\"og:locale\" content=\"fr_FR\" \/>\n<meta property=\"og:type\" content=\"article\" \/>\n<meta property=\"og:title\" content=\"Contact - Bloom Cookies\" \/>\n<meta property=\"og:description\" content=\"Chaque commande est enti\u00e8rement personnalis\u00e9e et pens\u00e9e rien que pour vous. C\u2019est pourquoi elle fait l\u2019objet d\u2019un devis sur mesure, unique, \u00e0 l\u2019image de votre projet.Le tarif de base est de 4 \u20ac par biscuit pour un design simple. Il \u00e9volue ensuite en fonction de la complexit\u00e9 du d\u00e9cor, du style, des couleurs, des \u00e9critures [&hellip;]\" \/>\n<meta property=\"og:url\" content=\"https:\/\/bloomcookies.fr\/index.php\/accueil\/formulaire-de-contact\/\" \/>\n<meta property=\"og:site_name\" content=\"Bloom Cookies\" \/>\n<meta property=\"article:modified_time\" content=\"2026-03-02T15:28:23+00:00\" \/>\n<meta name=\"twitter:card\" content=\"summary_large_image\" \/>\n<meta name=\"twitter:label1\" content=\"Dur\u00e9e de lecture estim\u00e9e\" \/>\n\t<meta name=\"twitter:data1\" content=\"3 minutes\" \/>\n<script type=\"application\/ld+json\" class=\"yoast-schema-graph\">{\"@context\":\"https:\\\/\\\/schema.org\",\"@graph\":[{\"@type\":\"WebPage\",\"@id\":\"https:\\\/\\\/bloomcookies.fr\\\/index.php\\\/accueil\\\/formulaire-de-contact\\\/\",\"url\":\"https:\\\/\\\/bloomcookies.fr\\\/index.php\\\/accueil\\\/formulaire-de-contact\\\/\",\"name\":\"Contact - Bloom Cookies\",\"isPartOf\":{\"@id\":\"https:\\\/\\\/bloomcookies.fr\\\/#website\"},\"datePublished\":\"2024-01-26T21:16:45+00:00\",\"dateModified\":\"2026-03-02T15:28:23+00:00\",\"breadcrumb\":{\"@id\":\"https:\\\/\\\/bloomcookies.fr\\\/index.php\\\/accueil\\\/formulaire-de-contact\\\/#breadcrumb\"},\"inLanguage\":\"fr-FR\",\"potentialAction\":[{\"@type\":\"ReadAction\",\"target\":[\"https:\\\/\\\/bloomcookies.fr\\\/index.php\\\/accueil\\\/formulaire-de-contact\\\/\"]}]},{\"@type\":\"BreadcrumbList\",\"@id\":\"https:\\\/\\\/bloomcookies.fr\\\/index.php\\\/accueil\\\/formulaire-de-contact\\\/#breadcrumb\",\"itemListElement\":[{\"@type\":\"ListItem\",\"position\":1,\"name\":\"Accueil\",\"item\":\"https:\\\/\\\/bloomcookies.fr\\\/\"},{\"@type\":\"ListItem\",\"position\":2,\"name\":\"Accueil\",\"item\":\"https:\\\/\\\/bloomcookies.fr\\\/\"},{\"@type\":\"ListItem\",\"position\":3,\"name\":\"Contact\"}]},{\"@type\":\"WebSite\",\"@id\":\"https:\\\/\\\/bloomcookies.fr\\\/#website\",\"url\":\"https:\\\/\\\/bloomcookies.fr\\\/\",\"name\":\"Bloom Cookies\",\"description\":\"La petite biscuiterie Cambr\u00e9sienne\",\"potentialAction\":[{\"@type\":\"SearchAction\",\"target\":{\"@type\":\"EntryPoint\",\"urlTemplate\":\"https:\\\/\\\/bloomcookies.fr\\\/?s={search_term_string}\"},\"query-input\":{\"@type\":\"PropertyValueSpecification\",\"valueRequired\":true,\"valueName\":\"search_term_string\"}}],\"inLanguage\":\"fr-FR\"}]}<\/script>\n<!-- \/ Yoast SEO plugin. -->","yoast_head_json":{"title":"Contact - Bloom Cookies","robots":{"index":"index","follow":"follow","max-snippet":"max-snippet:-1","max-image-preview":"max-image-preview:large","max-video-preview":"max-video-preview:-1"},"canonical":"https:\/\/bloomcookies.fr\/index.php\/accueil\/formulaire-de-contact\/","og_locale":"fr_FR","og_type":"article","og_title":"Contact - Bloom Cookies","og_description":"Chaque commande est enti\u00e8rement personnalis\u00e9e et pens\u00e9e rien que pour vous. C\u2019est pourquoi elle fait l\u2019objet d\u2019un devis sur mesure, unique, \u00e0 l\u2019image de votre projet.Le tarif de base est de 4 \u20ac par biscuit pour un design simple. Il \u00e9volue ensuite en fonction de la complexit\u00e9 du d\u00e9cor, du style, des couleurs, des \u00e9critures [&hellip;]","og_url":"https:\/\/bloomcookies.fr\/index.php\/accueil\/formulaire-de-contact\/","og_site_name":"Bloom Cookies","article_modified_time":"2026-03-02T15:28:23+00:00","twitter_card":"summary_large_image","twitter_misc":{"Dur\u00e9e de lecture estim\u00e9e":"3 minutes"},"schema":{"@context":"https:\/\/schema.org","@graph":[{"@type":"WebPage","@id":"https:\/\/bloomcookies.fr\/index.php\/accueil\/formulaire-de-contact\/","url":"https:\/\/bloomcookies.fr\/index.php\/accueil\/formulaire-de-contact\/","name":"Contact - Bloom Cookies","isPartOf":{"@id":"https:\/\/bloomcookies.fr\/#website"},"datePublished":"2024-01-26T21:16:45+00:00","dateModified":"2026-03-02T15:28:23+00:00","breadcrumb":{"@id":"https:\/\/bloomcookies.fr\/index.php\/accueil\/formulaire-de-contact\/#breadcrumb"},"inLanguage":"fr-FR","potentialAction":[{"@type":"ReadAction","target":["https:\/\/bloomcookies.fr\/index.php\/accueil\/formulaire-de-contact\/"]}]},{"@type":"BreadcrumbList","@id":"https:\/\/bloomcookies.fr\/index.php\/accueil\/formulaire-de-contact\/#breadcrumb","itemListElement":[{"@type":"ListItem","position":1,"name":"Accueil","item":"https:\/\/bloomcookies.fr\/"},{"@type":"ListItem","position":2,"name":"Accueil","item":"https:\/\/bloomcookies.fr\/"},{"@type":"ListItem","position":3,"name":"Contact"}]},{"@type":"WebSite","@id":"https:\/\/bloomcookies.fr\/#website","url":"https:\/\/bloomcookies.fr\/","name":"Bloom Cookies","description":"La petite biscuiterie Cambr\u00e9sienne","potentialAction":[{"@type":"SearchAction","target":{"@type":"EntryPoint","urlTemplate":"https:\/\/bloomcookies.fr\/?s={search_term_string}"},"query-input":{"@type":"PropertyValueSpecification","valueRequired":true,"valueName":"search_term_string"}}],"inLanguage":"fr-FR"}]}},"_links":{"self":[{"href":"https:\/\/bloomcookies.fr\/index.php\/wp-json\/wp\/v2\/pages\/115","targetHints":{"allow":["GET"]}}],"collection":[{"href":"https:\/\/bloomcookies.fr\/index.php\/wp-json\/wp\/v2\/pages"}],"about":[{"href":"https:\/\/bloomcookies.fr\/index.php\/wp-json\/wp\/v2\/types\/page"}],"author":[{"embeddable":true,"href":"https:\/\/bloomcookies.fr\/index.php\/wp-json\/wp\/v2\/users\/1"}],"replies":[{"embeddable":true,"href":"https:\/\/bloomcookies.fr\/index.php\/wp-json\/wp\/v2\/comments?post=115"}],"version-history":[{"count":26,"href":"https:\/\/bloomcookies.fr\/index.php\/wp-json\/wp\/v2\/pages\/115\/revisions"}],"predecessor-version":[{"id":581,"href":"https:\/\/bloomcookies.fr\/index.php\/wp-json\/wp\/v2\/pages\/115\/revisions\/581"}],"up":[{"embeddable":true,"href":"https:\/\/bloomcookies.fr\/index.php\/wp-json\/wp\/v2\/pages\/2"}],"wp:attachment":[{"href":"https:\/\/bloomcookies.fr\/index.php\/wp-json\/wp\/v2\/media?parent=115"}],"curies":[{"name":"wp","href":"https:\/\/api.w.org\/{rel}","templated":true}]}}